{"id":539,"date":"2026-03-05T17:19:40","date_gmt":"2026-03-05T16:19:40","guid":{"rendered":"http:\/\/mathieucollos.com\/?page_id=539"},"modified":"2026-03-05T18:12:33","modified_gmt":"2026-03-05T17:12:33","slug":"thermographie-et-photogrammetrie-par-drone","status":"publish","type":"page","link":"https:\/\/mathieucollos.com\/index.php\/thermographie-et-photogrammetrie-par-drone\/","title":{"rendered":"Thermographie et Photogramm\u00e9trie par drone"},"content":{"rendered":"\n<p><strong>MCA<\/strong> accompagne les entreprises et collectivit\u00e9s avec des solutions innovantes bas\u00e9es sur le drone et la mod\u00e9lisation num\u00e9rique. Nous r\u00e9alisons des relev\u00e9s pr\u00e9cis, des diagnostics et des mod\u00e8les 3D adapt\u00e9s \u00e0 vos projets en Occitanie.<\/p>\n\n\n\n<p><\/p>\n\n\n\n<figure class=\"wp-block-image size-large\"><img loading=\"lazy\" width=\"413\" height=\"122\" src=\"https:\/\/mathieucollos.com\/wp-content\/uploads\/2026\/03\/image.jpeg\" alt=\"DJI Mavic 3T Thermal Enterprise au ...\" class=\"wp-image-546\" srcset=\"https:\/\/mathieucollos.com\/wp-content\/uploads\/2026\/03\/image.jpeg 413w, https:\/\/mathieucollos.com\/wp-content\/uploads\/2026\/03\/image-300x89.jpeg 300w, https:\/\/mathieucollos.com\/wp-content\/uploads\/2026\/03\/image-203x60.jpeg 203w\" sizes=\"(max-width: 413px) 100vw, 413px\" \/><\/figure>\n\n\n\n<hr class=\"wp-block-separator is-style-wide\"\/>\n\n\n\n<h4><strong>La thermographie <\/strong><\/h4>\n\n\n\n<p>La thermographie<strong> <\/strong>consiste \u00e0 utiliser un drone \u00e9quip\u00e9 d\u2019une cam\u00e9ra thermique pour mesurer les variations de temp\u00e9rature \u00e0 la surface des b\u00e2timents, des r\u00e9seaux ou des infrastructures. <\/p>\n\n\n\n<ul><li><strong>Diagnostic rapide du patrimoine<\/strong> : permet d\u2019inspecter facilement les toitures, fa\u00e7ades, b\u00e2timents publics ou r\u00e9seaux de chaleur.<\/li><li><strong>D\u00e9tection des pertes \u00e9nerg\u00e9tiques<\/strong> : identifie les b\u00e2timents mal isol\u00e9s afin de prioriser les travaux de r\u00e9novation \u00e9nerg\u00e9tique.<\/li><li><strong>Acc\u00e8s aux zones difficiles<\/strong> : le drone atteint des zones en hauteur ou difficiles d\u2019acc\u00e8s sans \u00e9chafaudage.<\/li><li><strong>Gain de temps et r\u00e9duction des co\u00fbts<\/strong> : les inspections sont plus rapides et moins co\u00fbteuses que les m\u00e9thodes traditionnelles.<\/li><li><strong>Aide \u00e0 la d\u00e9cision<\/strong> : les donn\u00e9es thermiques fournissent aux collectivit\u00e9s des informations concr\u00e8tes pour orienter leurs politiques de transition \u00e9nerg\u00e9tique.<\/li><\/ul>\n\n\n\n<p><\/p>\n\n\n\n<figure class=\"wp-block-image is-resized\"><img loading=\"lazy\" src=\"https:\/\/www.droneonair.com\/wp-content\/uploads\/2015\/08\/thermographie-Drone.jpg\" alt=\"THERMOGRAPHIE DRONE - DRONE ON AIR\" width=\"409\" height=\"245\"\/><\/figure>\n\n\n\n<hr class=\"wp-block-separator is-style-wide\"\/>\n\n\n\n<h4><strong>La photogramm\u00e9trie appliqu\u00e9e \u00e0 l\u2019architecture et \u00e0 la construction<\/strong><\/h4>\n\n\n\n<p>consiste \u00e0 cr\u00e9er des mod\u00e8les 2D et 3D pr\u00e9cis d\u2019un b\u00e2timent ou d\u2019un site \u00e0 partir de photographies prises au sol ou par drone. Les images sont trait\u00e9es par un logiciel sp\u00e9cialis\u00e9 afin de reconstituer une repr\u00e9sentation fid\u00e8le des volumes, des dimensions et des d\u00e9tails de l\u2019ouvrage.<\/p>\n\n\n\n<ul><li><strong>Relev\u00e9s pr\u00e9cis du patrimoine b\u00e2ti<\/strong> : cr\u00e9ation de plans, mod\u00e8les 3D et orthophotos pour les b\u00e2timents publics ou historiques. Cr\u00e9ation de jumeaux num\u00e9riques.<\/li><li><strong>Suivi et documentation des chantiers<\/strong> : permet de visualiser l\u2019\u00e9volution des travaux et de conserver un \u00e9tat pr\u00e9cis du site.<\/li><li><strong>Aide \u00e0 la r\u00e9novation et \u00e0 la restauration<\/strong> : facilite les \u00e9tudes techniques et la planification des interventions.<\/li><li><strong>R\u00e9duction des co\u00fbts et des d\u00e9lais<\/strong> : les relev\u00e9s sont plus rapides qu\u2019avec des m\u00e9thodes traditionnelles.<\/li><li><strong>Valorisation du patrimoine<\/strong> : les mod\u00e8les 3D peuvent \u00eatre utilis\u00e9s pour la communication, la concertation ou la m\u00e9diation aupr\u00e8s des citoyens.<\/li><\/ul>\n\n\n\n<p><\/p>\n\n\n\n<figure class=\"wp-block-image is-resized\"><img loading=\"lazy\" src=\"https:\/\/format-drone.com\/wp-content\/uploads\/2021\/09\/abbaye-monceau.jpg\" alt=\"Formation photogramm\u00e9trie | FORMAT DRONE\" width=\"413\" height=\"218\"\/><\/figure>\n\n\n\n<hr class=\"wp-block-separator is-style-wide\"\/>\n\n\n\n<p><strong><a href=\"mailto:info@mathieucollos.com\">Contactez nous pour plus d&#8217;infos <\/a><\/strong><\/p>\n","protected":false},"excerpt":{"rendered":"<p>MCA accompagne les entreprises et collectivit\u00e9s avec des solutions innovantes bas\u00e9es sur le drone et la mod\u00e9lisation num\u00e9rique. Nous r\u00e9alisons des relev\u00e9s pr\u00e9cis, des diagnostics et des mod\u00e8les 3D adapt\u00e9s \u00e0 vos projets en Occitanie. La thermographie La thermographie consiste \u00e0 utiliser un drone \u00e9quip\u00e9 d\u2019une cam\u00e9ra thermique pour mesurer les variations de temp\u00e9rature \u00e0 &hellip; <\/p>\n","protected":false},"author":1,"featured_media":0,"parent":0,"menu_order":0,"comment_status":"closed","ping_status":"closed","template":"","meta":{"_monsterinsights_skip_tracking":false,"_monsterinsights_sitenote_active":false,"_monsterinsights_sitenote_note":"","_monsterinsights_sitenote_category":0},"yoast_head":"<!-- This site is optimized with the Yoast SEO plugin v14.6.1 - https:\/\/yoast.com\/wordpress\/plugins\/seo\/ -->\n<title>Prestations Drone et Jumeaux Num\u00e9riques en Occitanie \u2013 MCA<\/title>\n<meta name=\"description\" content=\"MCA propose prestations drone, photogramm\u00e9trie et jumeaux num\u00e9riques pour l\u2019architecture. Solutions pr\u00e9cises et innovantes pour vos projets.\" \/>\n<meta name=\"robots\" content=\"index, follow\" \/>\n<meta name=\"googlebot\" content=\"index, follow, max-snippet:-1, max-image-preview:large, max-video-preview:-1\" \/>\n<meta name=\"bingbot\" content=\"index, follow, max-snippet:-1, max-image-preview:large, max-video-preview:-1\" \/>\n<link rel=\"canonical\" href=\"http:\/\/mathieucollos.com\/index.php\/thermographie-et-photogrammetrie-par-drone\/\" \/>\n<meta property=\"og:locale\" content=\"en_US\" \/>\n<meta property=\"og:type\" content=\"article\" \/>\n<meta property=\"og:title\" content=\"Prestations Drone et Jumeaux Num\u00e9riques en Occitanie \u2013 MCA\" \/>\n<meta property=\"og:description\" content=\"MCA propose prestations drone, photogramm\u00e9trie et jumeaux num\u00e9riques pour l\u2019architecture. Solutions pr\u00e9cises et innovantes pour vos projets.\" \/>\n<meta property=\"og:url\" content=\"http:\/\/mathieucollos.com\/index.php\/thermographie-et-photogrammetrie-par-drone\/\" \/>\n<meta property=\"og:site_name\" content=\"MATHIEU COLLOS ARCHITECTURE\" \/>\n<meta property=\"article:modified_time\" content=\"2026-03-05T17:12:33+00:00\" \/>\n<meta property=\"og:image\" content=\"https:\/\/mathieucollos.com\/wp-content\/uploads\/2026\/03\/image.jpeg\" \/>\n<meta name=\"twitter:card\" content=\"summary_large_image\" \/>\n<meta name=\"twitter:creator\" content=\"@CollosMathieu\" \/>\n<meta name=\"twitter:site\" content=\"@CollosMathieu\" \/>\n<script type=\"application\/ld+json\" class=\"yoast-schema-graph\">{\"@context\":\"https:\/\/schema.org\",\"@graph\":[{\"@type\":\"Organization\",\"@id\":\"https:\/\/mathieucollos.com\/#organization\",\"name\":\"mathieu collos architecture\",\"url\":\"https:\/\/mathieucollos.com\/\",\"sameAs\":[\"https:\/\/www.linkedin.com\/in\/mathieu-collos-909a3a58\/\",\"https:\/\/twitter.com\/CollosMathieu\"],\"logo\":{\"@type\":\"ImageObject\",\"@id\":\"https:\/\/mathieucollos.com\/#logo\",\"inLanguage\":\"en-US\",\"url\":\"https:\/\/mathieucollos.com\/wp-content\/uploads\/2020\/07\/logo-MCA-01.png\",\"width\":2125,\"height\":329,\"caption\":\"mathieu collos architecture\"},\"image\":{\"@id\":\"https:\/\/mathieucollos.com\/#logo\"}},{\"@type\":\"WebSite\",\"@id\":\"https:\/\/mathieucollos.com\/#website\",\"url\":\"https:\/\/mathieucollos.com\/\",\"name\":\"MATHIEU COLLOS ARCHITECTURE\",\"description\":\"durable  I   circulaire   I    innovante\",\"publisher\":{\"@id\":\"https:\/\/mathieucollos.com\/#organization\"},\"potentialAction\":[{\"@type\":\"SearchAction\",\"target\":\"https:\/\/mathieucollos.com\/?s={search_term_string}\",\"query-input\":\"required name=search_term_string\"}],\"inLanguage\":\"en-US\"},{\"@type\":\"ImageObject\",\"@id\":\"http:\/\/mathieucollos.com\/index.php\/thermographie-et-photogrammetrie-par-drone\/#primaryimage\",\"inLanguage\":\"en-US\",\"url\":\"https:\/\/mathieucollos.com\/wp-content\/uploads\/2026\/03\/image.jpeg\",\"width\":413,\"height\":122},{\"@type\":\"WebPage\",\"@id\":\"http:\/\/mathieucollos.com\/index.php\/thermographie-et-photogrammetrie-par-drone\/#webpage\",\"url\":\"http:\/\/mathieucollos.com\/index.php\/thermographie-et-photogrammetrie-par-drone\/\",\"name\":\"Prestations Drone et Jumeaux Num\\u00e9riques en Occitanie \\u2013 MCA\",\"isPartOf\":{\"@id\":\"https:\/\/mathieucollos.com\/#website\"},\"primaryImageOfPage\":{\"@id\":\"http:\/\/mathieucollos.com\/index.php\/thermographie-et-photogrammetrie-par-drone\/#primaryimage\"},\"datePublished\":\"2026-03-05T16:19:40+00:00\",\"dateModified\":\"2026-03-05T17:12:33+00:00\",\"description\":\"MCA propose prestations drone, photogramm\\u00e9trie et jumeaux num\\u00e9riques pour l\\u2019architecture. Solutions pr\\u00e9cises et innovantes pour vos projets.\",\"inLanguage\":\"en-US\",\"potentialAction\":[{\"@type\":\"ReadAction\",\"target\":[\"http:\/\/mathieucollos.com\/index.php\/thermographie-et-photogrammetrie-par-drone\/\"]}]}]}<\/script>\n<!-- \/ Yoast SEO plugin. -->","_links":{"self":[{"href":"https:\/\/mathieucollos.com\/index.php\/wp-json\/wp\/v2\/pages\/539"}],"collection":[{"href":"https:\/\/mathieucollos.com\/index.php\/wp-json\/wp\/v2\/pages"}],"about":[{"href":"https:\/\/mathieucollos.com\/index.php\/wp-json\/wp\/v2\/types\/page"}],"author":[{"embeddable":true,"href":"https:\/\/mathieucollos.com\/index.php\/wp-json\/wp\/v2\/users\/1"}],"replies":[{"embeddable":true,"href":"https:\/\/mathieucollos.com\/index.php\/wp-json\/wp\/v2\/comments?post=539"}],"version-history":[{"count":4,"href":"https:\/\/mathieucollos.com\/index.php\/wp-json\/wp\/v2\/pages\/539\/revisions"}],"predecessor-version":[{"id":550,"href":"https:\/\/mathieucollos.com\/index.php\/wp-json\/wp\/v2\/pages\/539\/revisions\/550"}],"wp:attachment":[{"href":"https:\/\/mathieucollos.com\/index.php\/wp-json\/wp\/v2\/media?parent=539"}],"curies":[{"name":"wp","href":"https:\/\/api.w.org\/{rel}","templated":true}]}}