{"id":341,"date":"2021-02-08T10:16:37","date_gmt":"2021-02-08T09:16:37","guid":{"rendered":"http:\/\/mathieucollos.com\/?page_id=341"},"modified":"2021-02-11T11:03:42","modified_gmt":"2021-02-11T10:03:42","slug":"mission-amo-re-emploi","status":"publish","type":"page","link":"https:\/\/mathieucollos.com\/index.php\/mission-amo-re-emploi\/","title":{"rendered":"Mission AMO R\u00e9-emploi"},"content":{"rendered":"\n<p>Nous proposons aux ma\u00eetrises d&#8217;ouvrages et aux ma\u00eetres d&#8217;oeuvre de les accompagner pour optimiser leurs projets en valorisant les mat\u00e9riaux par le r\u00e9emploi.<\/p>\n\n\n\n<div class=\"wp-block-image\"><figure class=\"alignleft size-large\"><img loading=\"lazy\" width=\"896\" height=\"598\" src=\"http:\/\/mathieucollos.com\/wp-content\/uploads\/2021\/02\/reemploi.jpg\" alt=\"\" class=\"wp-image-344\" srcset=\"https:\/\/mathieucollos.com\/wp-content\/uploads\/2021\/02\/reemploi.jpg 896w, https:\/\/mathieucollos.com\/wp-content\/uploads\/2021\/02\/reemploi-300x200.jpg 300w, https:\/\/mathieucollos.com\/wp-content\/uploads\/2021\/02\/reemploi-768x513.jpg 768w, https:\/\/mathieucollos.com\/wp-content\/uploads\/2021\/02\/reemploi-90x60.jpg 90w\" sizes=\"(max-width: 896px) 100vw, 896px\" \/><\/figure><\/div>\n\n\n\n<p>  <\/p>\n\n\n\n<p><\/p>\n\n\n\n<div style=\"height:35px\" aria-hidden=\"true\" class=\"wp-block-spacer\"><\/div>\n\n\n\n<h3>Diagnostic<\/h3>\n\n\n\n<p>Identification des gisements et ressources disponibles localement.<\/p>\n\n\n\n<p>Identification des partenaires (ressourceries, entreprises de d\u00e9molition, associations \u2026)<\/p>\n\n\n\n<hr class=\"wp-block-separator is-style-wide\"\/>\n\n\n\n<h3>Faisabilit\u00e9<\/h3>\n\n\n\n<p>Etudes des pistes de valorisation des mat\u00e9riaux&nbsp;<\/p>\n\n\n\n<p>Recherche des d\u00e9bouch\u00e9s<\/p>\n\n\n\n<p>Esquisse projet construction et&nbsp;r\u00e9habilitation<\/p>\n\n\n\n<hr class=\"wp-block-separator is-style-wide\"\/>\n\n\n\n<h3>Conception<\/h3>\n\n\n\n<p>Mises au point \u00e9conomique, technique&nbsp;et logistique<\/p>\n\n\n\n<p>Mise&nbsp;en conformit\u00e9 avec le bureau de contr\u00f4le<\/p>\n\n\n\n<p>D\u00e9p\u00f4t permis de construire<\/p>\n\n\n\n<hr class=\"wp-block-separator is-style-wide\"\/>\n\n\n\n<h3>Appel d&#8217;offre<\/h3>\n\n\n\n<p>\u00c9laboration d&#8217;un lot sp\u00e9cifique au r\u00e9emploi int\u00e9gr\u00e9 au&nbsp;dossier de consultation des entreprises<\/p>\n\n\n\n<p><\/p>\n\n\n\n<hr class=\"wp-block-separator is-style-wide\"\/>\n\n\n\n<h3>Travaux<\/h3>\n\n\n\n<p>Suivi de l&#8217;ex\u00e9cution des travaux li\u00e9s au r\u00e9emploi<\/p>\n\n\n\n<p>Mise en place d&#8217;une campagne de sensibilisation au tri sur le chantier<\/p>\n\n\n\n<p>Afin de rajouter une dimension soci\u00e9tale \u00e0 notre d\u00e9marche, nous proposons une mise \u00e0 disposition des surplus mat\u00e9riaux pendant le chantier (carrelage\/placo, etc\u2026) au profit d\u2019associations et ressourceries locales.<\/p>\n\n\n\n<hr class=\"wp-block-separator is-style-wide\"\/>\n\n\n\n<h3>Impact<\/h3>\n\n\n\n<p>Bilan \u00e9conomique, environnemental et social de l&#8217;op\u00e9ration avec la palteforme <a aria-label=\"undefined (s\u2019ouvre dans un nouvel onglet)\" href=\"http:\/\/www.upcyclea.com\" target=\"_blank\" rel=\"noreferrer noopener\">UPCYCLEA<\/a><\/p>\n\n\n\n<hr class=\"wp-block-separator is-style-wide\"\/>\n\n\n\n<h3>Gestion des ressources<\/h3>\n\n\n\n<p>En aval, lors de la phase d\u2019exploitation et en lien avec le gestionnaire, nous identifions un \u00ab&nbsp;ressource manager&nbsp;\u00bb qui aura pour mission de g\u00e9rer le r\u00e9emploi des mat\u00e9riaux et \u00e9l\u00e9ments du projet pour qu\u2019ils puissent \u00eatre revaloris\u00e9s en fin de vie.<\/p>\n","protected":false},"excerpt":{"rendered":"<p>Nous proposons aux ma\u00eetrises d&#8217;ouvrages et aux ma\u00eetres d&#8217;oeuvre de les accompagner pour optimiser leurs projets en valorisant les mat\u00e9riaux par le r\u00e9emploi. Diagnostic Identification des gisements et ressources disponibles localement. Identification des partenaires (ressourceries, entreprises de d\u00e9molition, associations \u2026) Faisabilit\u00e9 Etudes des pistes de valorisation des mat\u00e9riaux&nbsp; Recherche des d\u00e9bouch\u00e9s Esquisse projet construction et&nbsp;r\u00e9habilitation &hellip; <\/p>\n","protected":false},"author":1,"featured_media":0,"parent":0,"menu_order":0,"comment_status":"closed","ping_status":"closed","template":"","meta":{"_monsterinsights_skip_tracking":false,"_monsterinsights_sitenote_active":false,"_monsterinsights_sitenote_note":"","_monsterinsights_sitenote_category":0},"yoast_head":"<!-- This site is optimized with the Yoast SEO plugin v14.6.1 - https:\/\/yoast.com\/wordpress\/plugins\/seo\/ -->\n<title>Mission AMO R\u00e9-emploi - MATHIEU COLLOS ARCHITECTURE<\/title>\n<meta name=\"description\" content=\"Nous proposons aux ma\u00eetrises d&#039;ouvrages et aux ma\u00eetres d&#039;oeuvre de les accompagner pour optimiser leurs projets en valorisant les mat\u00e9riaux par le r\u00e9emploi.\" \/>\n<meta name=\"robots\" content=\"index, follow\" \/>\n<meta name=\"googlebot\" content=\"index, follow, max-snippet:-1, max-image-preview:large, max-video-preview:-1\" \/>\n<meta name=\"bingbot\" content=\"index, follow, max-snippet:-1, max-image-preview:large, max-video-preview:-1\" \/>\n<link rel=\"canonical\" href=\"http:\/\/mathieucollos.com\/index.php\/mission-amo-re-emploi\/\" \/>\n<meta property=\"og:locale\" content=\"en_US\" \/>\n<meta property=\"og:type\" content=\"article\" \/>\n<meta property=\"og:title\" content=\"Mission AMO R\u00e9-emploi - MATHIEU COLLOS ARCHITECTURE\" \/>\n<meta property=\"og:description\" content=\"Nous proposons aux ma\u00eetrises d&#039;ouvrages et aux ma\u00eetres d&#039;oeuvre de les accompagner pour optimiser leurs projets en valorisant les mat\u00e9riaux par le r\u00e9emploi.\" \/>\n<meta property=\"og:url\" content=\"http:\/\/mathieucollos.com\/index.php\/mission-amo-re-emploi\/\" \/>\n<meta property=\"og:site_name\" content=\"MATHIEU COLLOS ARCHITECTURE\" \/>\n<meta property=\"article:modified_time\" content=\"2021-02-11T10:03:42+00:00\" \/>\n<meta property=\"og:image\" content=\"http:\/\/mathieucollos.com\/wp-content\/uploads\/2021\/02\/reemploi.jpg\" \/>\n<meta name=\"twitter:card\" content=\"summary_large_image\" \/>\n<meta name=\"twitter:creator\" content=\"@CollosMathieu\" \/>\n<meta name=\"twitter:site\" content=\"@CollosMathieu\" \/>\n<script type=\"application\/ld+json\" class=\"yoast-schema-graph\">{\"@context\":\"https:\/\/schema.org\",\"@graph\":[{\"@type\":\"Organization\",\"@id\":\"https:\/\/mathieucollos.com\/#organization\",\"name\":\"mathieu collos architecture\",\"url\":\"https:\/\/mathieucollos.com\/\",\"sameAs\":[\"https:\/\/www.linkedin.com\/in\/mathieu-collos-909a3a58\/\",\"https:\/\/twitter.com\/CollosMathieu\"],\"logo\":{\"@type\":\"ImageObject\",\"@id\":\"https:\/\/mathieucollos.com\/#logo\",\"inLanguage\":\"en-US\",\"url\":\"https:\/\/mathieucollos.com\/wp-content\/uploads\/2020\/07\/logo-MCA-01.png\",\"width\":2125,\"height\":329,\"caption\":\"mathieu collos architecture\"},\"image\":{\"@id\":\"https:\/\/mathieucollos.com\/#logo\"}},{\"@type\":\"WebSite\",\"@id\":\"https:\/\/mathieucollos.com\/#website\",\"url\":\"https:\/\/mathieucollos.com\/\",\"name\":\"MATHIEU COLLOS ARCHITECTURE\",\"description\":\"durable  I   circulaire   I    innovante\",\"publisher\":{\"@id\":\"https:\/\/mathieucollos.com\/#organization\"},\"potentialAction\":[{\"@type\":\"SearchAction\",\"target\":\"https:\/\/mathieucollos.com\/?s={search_term_string}\",\"query-input\":\"required name=search_term_string\"}],\"inLanguage\":\"en-US\"},{\"@type\":\"ImageObject\",\"@id\":\"http:\/\/mathieucollos.com\/index.php\/mission-amo-re-emploi\/#primaryimage\",\"inLanguage\":\"en-US\",\"url\":\"http:\/\/mathieucollos.com\/wp-content\/uploads\/2021\/02\/reemploi.jpg\"},{\"@type\":\"WebPage\",\"@id\":\"http:\/\/mathieucollos.com\/index.php\/mission-amo-re-emploi\/#webpage\",\"url\":\"http:\/\/mathieucollos.com\/index.php\/mission-amo-re-emploi\/\",\"name\":\"Mission AMO R\\u00e9-emploi - MATHIEU COLLOS ARCHITECTURE\",\"isPartOf\":{\"@id\":\"https:\/\/mathieucollos.com\/#website\"},\"primaryImageOfPage\":{\"@id\":\"http:\/\/mathieucollos.com\/index.php\/mission-amo-re-emploi\/#primaryimage\"},\"datePublished\":\"2021-02-08T09:16:37+00:00\",\"dateModified\":\"2021-02-11T10:03:42+00:00\",\"description\":\"Nous proposons aux ma\\u00eetrises d'ouvrages et aux ma\\u00eetres d'oeuvre de les accompagner pour optimiser leurs projets en valorisant les mat\\u00e9riaux par le r\\u00e9emploi.\",\"inLanguage\":\"en-US\",\"potentialAction\":[{\"@type\":\"ReadAction\",\"target\":[\"http:\/\/mathieucollos.com\/index.php\/mission-amo-re-emploi\/\"]}]}]}<\/script>\n<!-- \/ Yoast SEO plugin. -->","_links":{"self":[{"href":"https:\/\/mathieucollos.com\/index.php\/wp-json\/wp\/v2\/pages\/341"}],"collection":[{"href":"https:\/\/mathieucollos.com\/index.php\/wp-json\/wp\/v2\/pages"}],"about":[{"href":"https:\/\/mathieucollos.com\/index.php\/wp-json\/wp\/v2\/types\/page"}],"author":[{"embeddable":true,"href":"https:\/\/mathieucollos.com\/index.php\/wp-json\/wp\/v2\/users\/1"}],"replies":[{"embeddable":true,"href":"https:\/\/mathieucollos.com\/index.php\/wp-json\/wp\/v2\/comments?post=341"}],"version-history":[{"count":17,"href":"https:\/\/mathieucollos.com\/index.php\/wp-json\/wp\/v2\/pages\/341\/revisions"}],"predecessor-version":[{"id":406,"href":"https:\/\/mathieucollos.com\/index.php\/wp-json\/wp\/v2\/pages\/341\/revisions\/406"}],"wp:attachment":[{"href":"https:\/\/mathieucollos.com\/index.php\/wp-json\/wp\/v2\/media?parent=341"}],"curies":[{"name":"wp","href":"https:\/\/api.w.org\/{rel}","templated":true}]}}