{"id":234,"date":"2021-02-03T13:24:55","date_gmt":"2021-02-03T12:24:55","guid":{"rendered":"http:\/\/mathieucollos.com\/?page_id=234"},"modified":"2021-02-19T16:46:04","modified_gmt":"2021-02-19T15:46:04","slug":"une-architecture-responsable-innovante-circulaire","status":"publish","type":"page","link":"https:\/\/mathieucollos.com\/","title":{"rendered":"M    C     A"},"content":{"rendered":"\n<p>Avec 18 ans d&#8217;exp\u00e9rience dans les domaines du Design et de l&#8217;Architecture, MCA propose une\u00a0approche responsable &amp; innovante de la construction.<\/p>\n\n\n\n<p>Quelle que soit l&#8217;\u00e9chelle ou le programme de votre projet, notre objectif est de concevoir et r\u00e9aliser des <a href=\"http:\/\/mathieucollos.com\/index.php\/vers-une-architecture-circulaire\/\">b\u00e2timents sains et circulaires<\/a>. Nous nous engageons \u00e0 inscrire l&#8217;acte de b\u00e2tir dans une d\u00e9marche vertueuse; source de revenus et non de d\u00e9chets.<\/p>\n\n\n\n<hr class=\"wp-block-separator is-style-default\"\/>\n\n\n\n<p>MCA is an innovative &amp; sustainable architecture practice. With over 18 years of  experience in design &amp; architectural fields, we focus on local and circular economy, using healthy, recycled and\/or  recyclable materials whenever possible. <\/p>\n\n\n\n<hr class=\"wp-block-separator is-style-wide\"\/>\n\n\n\n<p>     <\/p>\n\n\n\n<div class=\"wp-block-image\"><figure class=\"alignleft is-resized\"><img loading=\"lazy\" src=\"http:\/\/mathieucollos.com\/wp-content\/uploads\/2020\/07\/mat-copy-300x300.jpg\" alt=\"\" class=\"wp-image-129\" width=\"173\" height=\"173\" srcset=\"https:\/\/mathieucollos.com\/wp-content\/uploads\/2020\/07\/mat-copy-300x300.jpg 300w, https:\/\/mathieucollos.com\/wp-content\/uploads\/2020\/07\/mat-copy-1024x1024.jpg 1024w, https:\/\/mathieucollos.com\/wp-content\/uploads\/2020\/07\/mat-copy-150x150.jpg 150w, https:\/\/mathieucollos.com\/wp-content\/uploads\/2020\/07\/mat-copy-768x768.jpg 768w, https:\/\/mathieucollos.com\/wp-content\/uploads\/2020\/07\/mat-copy-1536x1536.jpg 1536w, https:\/\/mathieucollos.com\/wp-content\/uploads\/2020\/07\/mat-copy-60x60.jpg 60w, https:\/\/mathieucollos.com\/wp-content\/uploads\/2020\/07\/mat-copy-800x800.jpg 800w, https:\/\/mathieucollos.com\/wp-content\/uploads\/2020\/07\/mat-copy.jpg 1915w\" sizes=\"(max-width: 173px) 100vw, 173px\" \/><\/figure><\/div>\n\n\n\n<p><em>Architecte DPLG &amp; Co fondateur de la soci\u00e9t\u00e9 <a href=\"http:\/\/www.wasteismore.com\">WASTE IS MORE<\/a> en 2016, Mathieu Collos met en application son expertise dans le domaine de la revalorisation des d\u00e9chets.<\/em> Un engagement <em>au service de la conception \/ maitrise d&#8217;oeuvre de projets architecturaux, artistiques, et urbains.&nbsp;<\/em><\/p>\n","protected":false},"excerpt":{"rendered":"<p>Avec 18 ans d&#8217;exp\u00e9rience dans les domaines du Design et de l&#8217;Architecture, MCA propose une\u00a0approche responsable &amp; innovante de la construction. Quelle que soit l&#8217;\u00e9chelle ou le programme de votre projet, notre objectif est de concevoir et r\u00e9aliser des b\u00e2timents sains et circulaires. Nous nous engageons \u00e0 inscrire l&#8217;acte de b\u00e2tir dans une d\u00e9marche vertueuse; &hellip; <\/p>\n","protected":false},"author":1,"featured_media":0,"parent":0,"menu_order":0,"comment_status":"closed","ping_status":"closed","template":"","meta":{"_monsterinsights_skip_tracking":false,"_monsterinsights_sitenote_active":false,"_monsterinsights_sitenote_note":"","_monsterinsights_sitenote_category":0},"yoast_head":"<!-- This site is optimized with the Yoast SEO plugin v14.6.1 - https:\/\/yoast.com\/wordpress\/plugins\/seo\/ -->\n<title>MCA Mathieu Collos Architecture circulaire et innovante<\/title>\n<meta name=\"description\" content=\"Avec 18 ans d&#039;exp\u00e9rience dans les domaines du Design et de l&#039;Architecture, MCA propose une approche responsable &amp; innovante de la construction.\" \/>\n<meta name=\"robots\" content=\"index, follow\" \/>\n<meta name=\"googlebot\" content=\"index, follow, max-snippet:-1, max-image-preview:large, max-video-preview:-1\" \/>\n<meta name=\"bingbot\" content=\"index, follow, max-snippet:-1, max-image-preview:large, max-video-preview:-1\" \/>\n<link rel=\"canonical\" href=\"http:\/\/mathieucollos.com\/\" \/>\n<meta property=\"og:locale\" content=\"en_US\" \/>\n<meta property=\"og:type\" content=\"article\" \/>\n<meta property=\"og:title\" content=\"MCA Mathieu Collos Architecture circulaire et innovante\" \/>\n<meta property=\"og:description\" content=\"Avec 18 ans d&#039;exp\u00e9rience dans les domaines du Design et de l&#039;Architecture, MCA propose une approche responsable &amp; innovante de la construction.\" \/>\n<meta property=\"og:url\" content=\"http:\/\/mathieucollos.com\/\" \/>\n<meta property=\"og:site_name\" content=\"MATHIEU COLLOS ARCHITECTURE\" \/>\n<meta property=\"article:modified_time\" content=\"2021-02-19T15:46:04+00:00\" \/>\n<meta property=\"og:image\" content=\"http:\/\/mathieucollos.com\/wp-content\/uploads\/2020\/07\/mat-copy-300x300.jpg\" \/>\n<meta name=\"twitter:card\" content=\"summary_large_image\" \/>\n<meta name=\"twitter:creator\" content=\"@CollosMathieu\" \/>\n<meta name=\"twitter:site\" content=\"@CollosMathieu\" \/>\n<script type=\"application\/ld+json\" class=\"yoast-schema-graph\">{\"@context\":\"https:\/\/schema.org\",\"@graph\":[{\"@type\":\"Organization\",\"@id\":\"https:\/\/mathieucollos.com\/#organization\",\"name\":\"mathieu collos architecture\",\"url\":\"https:\/\/mathieucollos.com\/\",\"sameAs\":[\"https:\/\/www.linkedin.com\/in\/mathieu-collos-909a3a58\/\",\"https:\/\/twitter.com\/CollosMathieu\"],\"logo\":{\"@type\":\"ImageObject\",\"@id\":\"https:\/\/mathieucollos.com\/#logo\",\"inLanguage\":\"en-US\",\"url\":\"https:\/\/mathieucollos.com\/wp-content\/uploads\/2020\/07\/logo-MCA-01.png\",\"width\":2125,\"height\":329,\"caption\":\"mathieu collos architecture\"},\"image\":{\"@id\":\"https:\/\/mathieucollos.com\/#logo\"}},{\"@type\":\"WebSite\",\"@id\":\"https:\/\/mathieucollos.com\/#website\",\"url\":\"https:\/\/mathieucollos.com\/\",\"name\":\"MATHIEU COLLOS ARCHITECTURE\",\"description\":\"durable  I   circulaire   I    innovante\",\"publisher\":{\"@id\":\"https:\/\/mathieucollos.com\/#organization\"},\"potentialAction\":[{\"@type\":\"SearchAction\",\"target\":\"https:\/\/mathieucollos.com\/?s={search_term_string}\",\"query-input\":\"required name=search_term_string\"}],\"inLanguage\":\"en-US\"},{\"@type\":\"ImageObject\",\"@id\":\"http:\/\/mathieucollos.com\/#primaryimage\",\"inLanguage\":\"en-US\",\"url\":\"http:\/\/mathieucollos.com\/wp-content\/uploads\/2020\/07\/mat-copy-300x300.jpg\"},{\"@type\":\"WebPage\",\"@id\":\"http:\/\/mathieucollos.com\/#webpage\",\"url\":\"http:\/\/mathieucollos.com\/\",\"name\":\"MCA Mathieu Collos Architecture circulaire et innovante\",\"isPartOf\":{\"@id\":\"https:\/\/mathieucollos.com\/#website\"},\"primaryImageOfPage\":{\"@id\":\"http:\/\/mathieucollos.com\/#primaryimage\"},\"datePublished\":\"2021-02-03T12:24:55+00:00\",\"dateModified\":\"2021-02-19T15:46:04+00:00\",\"description\":\"Avec 18 ans d'exp\\u00e9rience dans les domaines du Design et de l'Architecture, MCA propose une approche responsable & innovante de la construction.\",\"inLanguage\":\"en-US\",\"potentialAction\":[{\"@type\":\"ReadAction\",\"target\":[\"http:\/\/mathieucollos.com\/\"]}]}]}<\/script>\n<!-- \/ Yoast SEO plugin. -->","_links":{"self":[{"href":"https:\/\/mathieucollos.com\/index.php\/wp-json\/wp\/v2\/pages\/234"}],"collection":[{"href":"https:\/\/mathieucollos.com\/index.php\/wp-json\/wp\/v2\/pages"}],"about":[{"href":"https:\/\/mathieucollos.com\/index.php\/wp-json\/wp\/v2\/types\/page"}],"author":[{"embeddable":true,"href":"https:\/\/mathieucollos.com\/index.php\/wp-json\/wp\/v2\/users\/1"}],"replies":[{"embeddable":true,"href":"https:\/\/mathieucollos.com\/index.php\/wp-json\/wp\/v2\/comments?post=234"}],"version-history":[{"count":15,"href":"https:\/\/mathieucollos.com\/index.php\/wp-json\/wp\/v2\/pages\/234\/revisions"}],"predecessor-version":[{"id":425,"href":"https:\/\/mathieucollos.com\/index.php\/wp-json\/wp\/v2\/pages\/234\/revisions\/425"}],"wp:attachment":[{"href":"https:\/\/mathieucollos.com\/index.php\/wp-json\/wp\/v2\/media?parent=234"}],"curies":[{"name":"wp","href":"https:\/\/api.w.org\/{rel}","templated":true}]}}